{"id":55,"date":"2019-04-24T15:30:11","date_gmt":"2019-04-24T13:30:11","guid":{"rendered":"https:\/\/jkb-bremen.kunden.greenq.de\/?page_id=55"},"modified":"2023-07-28T10:57:17","modified_gmt":"2023-07-28T08:57:17","slug":"spenden","status":"publish","type":"page","link":"https:\/\/wordpress44.gcms.verdigado.net\/alteseite\/spenden\/","title":{"rendered":"Spenden"},"content":{"rendered":"<script type=\"text\/javascript\">\n            (function() {\n                var u=\"https:\/\/spenden.twingle.de\/embed\/genericorganisation\/genericproject\/tw64c381286d4f1\/widget\";\n                var id = '_' + Math.random().toString(36).substr(2, 9);\n                var d=document, g=d.createElement('script'), s=d.getElementsByTagName('script')[0], t=d.createElement('div');\n                t.id = 'twingle-public-embed-' + id;\n                document.currentScript.after(t);\n                g.type='text\/javascript'; g.async=true; g.defer=true; g.src=u+'\/'+id; s.parentNode.insertBefore(g,s);\n            })();\n        <\/script>\n<div class=\"responsive-tabs content-tabs\">\n<h2>Per \u00dcberweisung spenden<\/h2><div>\n<p><div class=\"colorbox\"><\/p>\n<p><strong>Bitte im Feld \u201eVerwendungszweck\u201c der \u00dcberweisung deinen Namen und deine vollst\u00e4ndige Anschrift angeben.<\/strong><\/p>\n<p><\/div><\/p>\n<p>Einfach per (Online-) \u00dcberweisung auf unser Spendenkonto:<\/p>\n<p><b>GLS Bank<br \/>\n<\/b><b>B\u00fcndnis 90\/Die Gr\u00fcnen LV Bremen<br \/>\n<\/b><\/p>\n<p><b>BLZ\u00a0 430 609 67<br \/>\nKontonummer 2038484900<\/b><\/p>\n<p><b>IBAN: DE98 4306 0967 2038 4849 00<br \/>\n<\/b><b>BIC: GENODEM1GLS<br \/>\n<\/b><\/p>\n<p>Herzlichen Dank!<\/p>\n<\/div>\n<\/div><script>jQuery(document).ready(function() { RESPONSIVEUI.responsiveTabs(); }) <\/script>\n<p>Wir garantieren Dir die ordnungsgem\u00e4\u00dfe Verbuchung deiner Spenden gem\u00e4\u00df dem g\u00fcltigen Parteiengesetz und die Zusendung einer steuerlich relevanten Zuwendungsbescheinigung.<\/p>\n<p>Spenden an Parteien sind besonders steuerlich abzugsf\u00e4hig. 50 Prozent werden direkt von der Einkommensteuer abgezogen. Von j\u00e4hrlich bis zu 1.650 Euro bei Ledigen, bzw 3.300 Euro bei gemeinsam Veranlagten.<\/p>\n","protected":false},"excerpt":{"rendered":"<p>Wir garantieren Dir die ordnungsgem\u00e4\u00dfe Verbuchung deiner Spenden gem\u00e4\u00df dem g\u00fcltigen Parteiengesetz und die Zusendung einer steuerlich relevanten Zuwendungsbescheinigung. Spenden an Parteien sind besonders steuerlich abzugsf\u00e4hig. 50 Prozent werden direkt von der Einkommensteuer abgezogen. Von j\u00e4hrlich bis zu 1.650 Euro bei Ledigen, bzw 3.300 Euro bei gemeinsam Veranlagten.<\/p>\n","protected":false},"author":127,"featured_media":67,"parent":0,"menu_order":0,"comment_status":"closed","ping_status":"closed","template":"page-landingpage.php","meta":{"footnotes":""},"class_list":["post-55","page","type-page","status-publish","has-post-thumbnail","hentry"],"_links":{"self":[{"href":"https:\/\/wordpress44.gcms.verdigado.net\/alteseite\/wp-json\/wp\/v2\/pages\/55","targetHints":{"allow":["GET"]}}],"collection":[{"href":"https:\/\/wordpress44.gcms.verdigado.net\/alteseite\/wp-json\/wp\/v2\/pages"}],"about":[{"href":"https:\/\/wordpress44.gcms.verdigado.net\/alteseite\/wp-json\/wp\/v2\/types\/page"}],"author":[{"embeddable":true,"href":"https:\/\/wordpress44.gcms.verdigado.net\/alteseite\/wp-json\/wp\/v2\/users\/127"}],"replies":[{"embeddable":true,"href":"https:\/\/wordpress44.gcms.verdigado.net\/alteseite\/wp-json\/wp\/v2\/comments?post=55"}],"version-history":[{"count":7,"href":"https:\/\/wordpress44.gcms.verdigado.net\/alteseite\/wp-json\/wp\/v2\/pages\/55\/revisions"}],"predecessor-version":[{"id":13763,"href":"https:\/\/wordpress44.gcms.verdigado.net\/alteseite\/wp-json\/wp\/v2\/pages\/55\/revisions\/13763"}],"wp:featuredmedia":[{"embeddable":true,"href":"https:\/\/wordpress44.gcms.verdigado.net\/alteseite\/wp-json\/wp\/v2\/media\/67"}],"wp:attachment":[{"href":"https:\/\/wordpress44.gcms.verdigado.net\/alteseite\/wp-json\/wp\/v2\/media?parent=55"}],"curies":[{"name":"wp","href":"https:\/\/api.w.org\/{rel}","templated":true}]}}