{"id":3693,"date":"2020-09-14T13:48:53","date_gmt":"2020-09-14T11:48:53","guid":{"rendered":"https:\/\/gruene-bremen.de\/?page_id=3693"},"modified":"2020-09-14T13:48:53","modified_gmt":"2020-09-14T11:48:53","slug":"ombudsperson-fuer-sexualisierte-gewalt","status":"publish","type":"page","link":"https:\/\/wordpress44.gcms.verdigado.net\/alteseite\/ombudsperson-fuer-sexualisierte-gewalt\/","title":{"rendered":"Ombudsperson f\u00fcr sexualisierte Gewalt"},"content":{"rendered":"<p>Menschen in unseren Strukturen vor sexualisierter Gewalt zu sch\u00fctzen, ist die gemeinsame Aufgabe in unserer Partei.<\/p>\n<p>Dies gilt nicht nur, aber gerade auch aufgrund des bedr\u00fcckenden Kapitels in unserer Parteigeschichte um die in den Anfangsjahren gef\u00fchrte Debatte \u00fcber die Straffreiheit p\u00e4dosexueller Handlungen.\u00a0 Deshalb wurden in den Landesverb\u00e4nden und in der Bundesgesch\u00e4ftsstelle Ombudspersonen benannt und geschult. Die Ombudspersonen sind Ansprechpartner*innen f\u00fcr alle F\u00e4lle von sexualisierter Gewalt (altersunabh\u00e4ngig), die in Gr\u00fcnen Zusammenh\u00e4ngen vorkamen oder vorkommen. Das hei\u00dft, sie sind Ansprechpartner*innen f\u00fcr F\u00e4lle von Mitgliedern untereinander, aber auch f\u00fcr \u00dcbergriffe von Gr\u00fcnen Mitgliedern auf andere Menschen, z.B. im Umfeld Gr\u00fcner Veranstaltungen und innerhalb Gr\u00fcner Strukturen.<\/p>\n<p>Dies ist ein wichtiger Beitrag nicht nur zur akuten Hilfe von Betroffenen, sondern auch zur Pr\u00e4vention solcher Vorkommnisse in unserer Organisation. Verst\u00f6\u00dfe gegen die sexuelle Selbstbestimmung sind ein Angriff auf die k\u00f6rperliche und seelische Gesundheit von Menschen.<\/p>\n<p>Grundlage unserer Arbeit ist der vom Bundesvorstand beschlossene <u><a href=\"https:\/\/cms.gruene.de\/uploads\/documents\/20170606_Beschluss_Bundesvorstand_Kodex.pdf\">Kodex<\/a><\/u> zum Umgang mit Grenzverletzungen gegen die sexuelle Selbstbestimmung und\/oder mit sexualisierter Gewalt.<\/p>\n<p>Darin hei\u00dft es:<\/p>\n<ol>\n<li>Wir setzen uns daf\u00fcr ein, dass in unserer Partei keine Grenzverletzungen, kein sexueller Missbrauch und keine sexualisierte Gewalt m\u00f6glich sind.<\/li>\n<li>Wir legen sehr viel Wert auf einen respektvollen Umgang, Wertsch\u00e4tzung und Vertrauen. Wir achten die Pers\u00f6nlichkeit und W\u00fcrde unserer Mitmenschen.<\/li>\n<li>Wir ergreifen aktiv Partei gegen sexistisches, diskriminierendes und gewaltt\u00e4tiges, verbales oder nonverbales Verhalten. Abwertendes Verhalten wird von uns benannt und nicht toleriert.<\/li>\n<li>Wir gew\u00e4hrleisten einen verantwortungsvollen Umgang mit N\u00e4he und Distanz. Die individuellen Grenzen und die Intimsph\u00e4re der Anderen werden von uns respektiert.<\/li>\n<li>Die Verhaltensregeln gelten zwischen allen Parteimitgliedern, hauptamtlich Besch\u00e4ftigten in unserer Partei und Besucher*innen. Wir nehmen Grenz\u00fcberschreitungen durch andere bewusst wahr und vertuschen diese nicht.<\/li>\n<li>Als Partei haben wir Ombudspersonen im Themenfeld \u201eSexualisierte Gewalt\u201c benannt und geschult und werden deren Arbeit auf Bundes- und Landesebene verstetigen. Wir suchen den Kontakt zu professionellen Institutionen und Beratungsstellen, um Betroffenen gezielte fachliche Hilfe vermitteln zu k\u00f6nnen.<\/li>\n<\/ol>\n<p>&nbsp;<\/p>\n<p><strong>Wie wir arbeiten:<\/strong><\/p>\n<p>Als Ombudspersonen sind wir Ansprechpartner*innen f\u00fcr F\u00e4lle sexualisierter Gewalt, gerade auch vor dem Hintergrund der Aufarbeitung p\u00e4dokrimineller Str\u00f6mungen in unserer Partei.<\/p>\n<ul>\n<li>Wir verstehen uns als Anlaufstelle f\u00fcr Vorf\u00e4lle sexualisierter Gewalt im gr\u00fcnen Kontext. Das bedeutet, dass \u201eBetroffene\u201c oder \u201eVerd\u00e4chtige\u201c direkten Bezug zur Partei haben.<\/li>\n<li>Wir sind Ansprechpartner*innen f\u00fcr Menschen, die sexualisierte Gewalt in diesem Kontext erfahren haben.<\/li>\n<li>Wir sind auch Ansprechpartner*innen f\u00fcr Menschen, die Vorf\u00e4lle beobachtet haben oder den Verdacht hegen, dass es zu Vorf\u00e4llen gekommen ist.<\/li>\n<li>Wir stellen die Betroffenengerechtigkeit in den Vordergrund. Die Perspektive der Betroffenen ist f\u00fcr uns handlungsleitend.<\/li>\n<li>Wir \u00fcbernehmen Verantwortung und stellen ein Krisenteam zusammen, um betroffenengerecht handeln zu k\u00f6nnen.<\/li>\n<li>Wir bieten einen gesch\u00fctzten Raum.<\/li>\n<li>Wir sichern Vertraulichkeit in einem individuell vereinbarten Rahmen zu.<\/li>\n<li>Je nach Verdacht leiten wir geeignete Schritte ein.<\/li>\n<li>Wir begleiten den Prozess, so lange es notwendig ist.<\/li>\n<li>Wir leisten keine inhaltliche (fachliche, therapeutische oder juristische) Beratung.<\/li>\n<li>Wir organisieren externe Begleitung (fachlich und juristisch).<\/li>\n<li>Wir haben eine koordinative Rolle zwischen den Beteiligten.<\/li>\n<li>Wir helfen bei der Suche nach therapeutischer Hilfe f\u00fcr Betroffene.<\/li>\n<li>Zum Abschluss erstellen wir eine Fallanalyse.<\/li>\n<li>Wir bef\u00f6rdern die offensive Sensibilisierung f\u00fcr das Thema.<\/li>\n<li>Alle Ombudspersonen sind vernetzt und bilden sich regelm\u00e4\u00dfig fort.<\/li>\n<\/ul>\n<p>&nbsp;<\/p>\n<p>Die Ombudsperson f\u00fcr den Landesverband Bremen ist Katrin Goralczyk.<\/p>\n<p>Sie ist postalisch oder per E-Mail zu erreichen:<\/p>\n<p>B\u00fcndnis 90\/DIE GR\u00dcNEN LV Bremen<br \/>\nKatrin Goralczyk<br \/>\nAltenwall 25<br \/>\n28195 Bremen<br \/>\nE-Mail: katrin.goralczyk@gruene-bremen.de<br \/>\nTelefon: (0421) 30 11 153<\/p>\n","protected":false},"excerpt":{"rendered":"<p>Menschen in unseren Strukturen vor sexualisierter Gewalt zu sch\u00fctzen, ist die gemeinsame Aufgabe in unserer Partei. Dies gilt nicht nur, aber gerade auch aufgrund des bedr\u00fcckenden Kapitels in unserer Parteigeschichte um die in den Anfangsjahren gef\u00fchrte Debatte \u00fcber die Straffreiheit p\u00e4dosexueller Handlungen.\u00a0 Deshalb wurden in den Landesverb\u00e4nden und in der Bundesgesch\u00e4ftsstelle Ombudspersonen benannt und geschult&#8230;.<\/p>\n","protected":false},"author":127,"featured_media":0,"parent":0,"menu_order":0,"comment_status":"closed","ping_status":"closed","template":"","meta":{"footnotes":""},"class_list":["post-3693","page","type-page","status-publish","hentry"],"_links":{"self":[{"href":"https:\/\/wordpress44.gcms.verdigado.net\/alteseite\/wp-json\/wp\/v2\/pages\/3693","targetHints":{"allow":["GET"]}}],"collection":[{"href":"https:\/\/wordpress44.gcms.verdigado.net\/alteseite\/wp-json\/wp\/v2\/pages"}],"about":[{"href":"https:\/\/wordpress44.gcms.verdigado.net\/alteseite\/wp-json\/wp\/v2\/types\/page"}],"author":[{"embeddable":true,"href":"https:\/\/wordpress44.gcms.verdigado.net\/alteseite\/wp-json\/wp\/v2\/users\/127"}],"replies":[{"embeddable":true,"href":"https:\/\/wordpress44.gcms.verdigado.net\/alteseite\/wp-json\/wp\/v2\/comments?post=3693"}],"version-history":[{"count":0,"href":"https:\/\/wordpress44.gcms.verdigado.net\/alteseite\/wp-json\/wp\/v2\/pages\/3693\/revisions"}],"wp:attachment":[{"href":"https:\/\/wordpress44.gcms.verdigado.net\/alteseite\/wp-json\/wp\/v2\/media?parent=3693"}],"curies":[{"name":"wp","href":"https:\/\/api.w.org\/{rel}","templated":true}]}}