{"id":3568,"date":"2020-07-13T11:40:40","date_gmt":"2020-07-13T09:40:40","guid":{"rendered":"https:\/\/gruene-bremen.de\/?page_id=3568"},"modified":"2023-03-06T12:02:44","modified_gmt":"2023-03-06T11:02:44","slug":"newsletter","status":"publish","type":"page","link":"https:\/\/wordpress44.gcms.verdigado.net\/alteseite\/partei\/newsletter\/","title":{"rendered":"Newsletter"},"content":{"rendered":"<p>Jeden Donnerstag erscheint der Gr\u00fcne Newsletter und versorgt alle Interessierten mit Infos rund um die Gr\u00fcnen in Bremen. Seien es aktuelle Termine, Empfehlungen von uns Nahestehenden, Aktuelles aus der B\u00fcrgerschaftsfraktion und aus dem Senat sowie von unseren Abgeordneten aus dem Bundestag und aus dem Europ\u00e4ischen Parlament.<\/p>\n<p>Wenn du auch immer auf dem laufenden bleiben m\u00f6chtest: Trag dich einfach im untenstehenden Formular f\u00fcr den Newsletter ein!<\/p>\n<!DOCTYPE html PUBLIC \"-\/\/W3C\/\/DTD HTML 4.0 Transitional\/\/EN\" \"http:\/\/www.w3.org\/TR\/REC-html40\/loose.dtd\">\n<?xml encoding=\"utf-8\" ?><html><head><script>\nfunction loadjQuery(e,t){var n=document.createElement(\"script\");n.setAttribute(\"src\",e);n.onload=t;n.onreadystatechange=function(){if(this.readyState==\"complete\"||this.readyState==\"loaded\")t()};document.getElementsByTagName(\"head\")[0].appendChild(n)}function main(){\n\n\n}\nif(typeof jQuery===\"undefined\"){loadjQuery(\"\/\/ajax.googleapis.com\/ajax\/libs\/jquery\/1.4.4\/jquery.min.js\",main)}else{main()}\n\n<\/script>\n\n\n<style>.cr_header {\n    text-align: center;\n    background: transparent !important;\n}\n\n.cr_body label, .cr_body .label {\n    float: none;\n    clear: both;\n    display: inline-block;\n    width: auto;\n    margin-top: 8px;\n    text-align: left;\n    font-weight: bold;\n    position: relative;\n}\n\n.cr_body .no-label {\n    font-weight: normal;\n}\n\n.cr_body #editable_content {\n    padding: 20px;\n}\n\n.editable-content {\n    padding: 20px\n}\n\n.cr_button {\n    display: inline-block;\n    width: auto;\n    white-space: nowrap;\n    height: 32px;\n    margin: 5px 5px 0 0;\n    padding: 0 22px;\n    text-decoration: none;\n    text-align: center;\n    font-weight: bold;\n    font-style: normal;\n    font-size: 15px;\n    line-height: 32px;\n    cursor: pointer;\n    border: 0;\n    -moz-border-radius: 4px;\n    border-radius: 4px;\n    -webkit-border-radius: 4px;\n    vertical-align: top;\n}\n\n.cr_button:hover, .cr_button-small:hover {\n    opacity: 0.7;\n    filter: alpha(opacity=70);\n}\n\n.powered {\n    padding: 20px 0;\n    width: 560px;\n    margin: 0 auto;\n}\n\n.cr_ipe_item label {\n    line-height: 150%;\n    font-size: 14px;\n}\n\n.cr_ipe_item textarea {\n    background: none repeat scroll 0 0 #ffffff;\n    border-radius: 3px;\n    border: 1px solid #ccc;\n    font-size: 16px;\n}\n\n.cr_ipe_item input {\n    background: none repeat scroll 0 0 #ffffff;\n    border-radius: 3px;\n    border: 1px solid #ccc;\n    font-size: 16px;\n}\n\n.cr_ipe_item input[type='email'],\n.cr_ipe_item input[type='text'] {\n    width: 100%;\n}\n\n.cr_ipe_item select {\n    background: none repeat scroll 0 0 #ffffff;\n    border-radius: 3px;\n    border: 1px solid #ccc;\n    display: block;\n    margin: 0;\n    width: 100%;\n    font-size: 16px;\n}\n\n.cr_ipe_item input.cr_ipe_radio, input.cr_ipe_checkbox {\n    -moz-binding: none;\n    -moz-box-sizing: border-box;\n    background-color: -moz-field !important;\n    border: 2px inset ThreeDFace !important;\n    color: -moz-fieldtext !important;\n    cursor: default;\n    height: 13px;\n    padding: 0 !important;\n    width: 13px;\n}\n\n.cr_ipe_item input.cr_ipe_radio {\n    -moz-appearance: radio;\n    border-radius: 100% 100% 100% 100% !important;\n    margin: 3px 3px 0 5px;\n}\n\n.cr_ipe_item {\n    margin: 0 10px;\n    padding: 0 10px;\n    width: 100%;\n}\n\n.submit_container {\n    text-align: center\n}\n\n.cr_ipe_item.inactive {\n    display: none;\n}\n\n.imprint {\n    font-size: 0.8em;\n}\n\n.cr_captcha {\n    padding-left: 130px;\n}\n\n.cr_error {\n    font-size: 1.1em;\n    padding: 10px;\n}\n\n.clever_form_error {\n    background-color: #f99;\n    color: #000;\n    border: 1px solid #f22 !important\n}\n\n.clever_form_note {\n    margin: 26px 0 0 3px;\n    position: absolute;\n    display: inline;\n    padding: 2px 4px;\n    font-weight: bold;\n    background-color: #f2ecb5;\n    color: #000;\n    font-size: 12px !important;\n}\n\n.cr_form-flex {\n    display: flex;\n}\n\n.cr_form-flex > .cr_form-inputgroup {\n    flex-grow: 1;\n    margin-right: 5px;\n}\n\n.cr_form-flex > .cr_form-inputgroup:last-child {\n    margin-right: 0;\n}\n\n.cr_form-flex input {\n    width: 100%;\n}\n\n.cr_form,\n.cr_form .submit_container {\n    text-align: center !important;\n    margin: 5% 0;\n}\n\n.cr_form a {\n    border: none;\n}\n\n.cr_form .cr_page img {\n    display: inline;\n}\n\n.cr_font .submit_container {\n    margin-top: 3%;\n}\n\n.cr_form .cr_header_text,\n.cr_form .cr_ipe_item.ui-sortable {\n    text-align: left;\n    margin-bottom: 3%;\n}\n\n.cr_form .cr_header_text,\n.cr_form .cr_ipe_item.ui-sortable iframe {\n    height: 30px;\n}\n\n.cr_form .cr_header_text,\n.cr_form .cr_ipe_item.ui-sortable.musthave iframe {\n    height: auto;\n}\n\n.cr_form input[type='text'] {\n    width: 10% !important;\n    display: inline;\n}\n\n.cr_form .cr_ipe_item[rel='recaptcha'] {\n    margin-top: 3%;\n}\n\n.cr_form .cr_ipe_item[rel='recaptcha'] br {\n    display: none;\n}\n\n.cr_form .cr_ipe_item[rel='email'] input[type='text'],\n.cr_form .cr_ipe_item[rel='text'] input[type='text'],\n.cr_form textarea,\n.cr_form select {\n    width: 100% !important;\n}\n\n.cr_form .cr_ipe_item[rel='radio'] input[type='radio'] {\n    height: auto;\n}\n\n.cr_form a:not(.btn) {\n    border: none;\n}\n\n@media (max-width: 480px) {\n    #recaptcha_v2_widget > div:nth-child(1) {\n        width: max-content !important;\n    }\n}<\/style>\n\n\n<style id=\"style\">\n.cr_site {background-color:#2eb3a1;}\n.cr_body {color:#000000;background-color:#044e5a;}\n.cr_header {color:#ffffff;}\n.cr_hr {background-color:#ccc;}\n.cr_site a {color:#0084ff;}\n.imprint {color:#ffffff;}\n.cr_page {width:auto;max-width:600px;}\n.cr_font {color:#ffffff;}\n.cr_button {color:#ffffff;background-color:#ff3560;}\n\n<\/style>\n\n\n\n<\/head><body><form class=\"layout_form cr_form cr_font\" action=\"https:\/\/seu.cleverreach.com\/f\/33271-156369\/wcs\/\" method=\"post\" target=\"_blank\">\n\t<div class=\"cr_body cr_page cr_font formbox\">\n\t\t<div class=\"non_sortable\" style=\"text-align:left;\">\n\t\t\t\n\t\t<\/div>\n\t\t\n\t\t<div class=\"editable_content\" style=\"text-align:left;\">\n\t\t<div id=\"3572995\" rel=\"email\" class=\"cr_form-component cr_form-component--email cr_ipe_item ui-sortable musthave\" style=\"margin-bottom:px;\">\n    <div class=\"cr_form-inputgroup cr_form-inputgroup--typeemail\">\n        <label for=\"text3572995\">E-Mail*<\/label>\n        <input class=\"cr_form-input\" type=\"email\" id=\"text3572995\" name=\"email\" value=\"\" placeholder=\"name@example.com\" style=\"\">\n    <\/div>\n<\/div><div id=\"3573002\" rel=\"text\" class=\"cr_form-component cr_form-component--text cr_ipe_item ui-sortable\" style=\" margin-bottom:0px;\">\n    <div class=\"cr_form-inputgroup cr_form-inputgroup--typetext\">\n        <label for=\"cr_form-input--text3573002\" class=\"itemname\">Vorname<\/label>\n        <input id=\"cr_form-input--text3573002\" class=\"cr_form-input\" type=\"text\" name=\"220084\" placeholder=\"\" style=\"\">\n    <\/div>\n<\/div>\n<div id=\"3573003\" rel=\"text\" class=\"cr_form-component cr_form-component--text cr_ipe_item ui-sortable\" style=\" margin-bottom:0px;\">\n    <div class=\"cr_form-inputgroup cr_form-inputgroup--typetext\">\n        <label for=\"cr_form-input--text3573003\" class=\"itemname\">Nachname<\/label>\n        <input id=\"cr_form-input--text3573003\" class=\"cr_form-input\" type=\"text\" name=\"220085\" placeholder=\"\" style=\"\">\n    <\/div>\n<\/div>\n<div id=\"3572997\" rel=\"button\" class=\"cr_form-component cr_form-component--submit cr_ipe_item ui-sortable  submit_container\">\n    <button type=\"submit\" class=\"cr_form-block cr_button components-button is-button is-primary\">Anmelden<\/button>\n<\/div>\n<div id=\"3573000\" rel=\"subunsub\" class=\"cr_ipe_item ui-sortable cr_noedit\" style=\"margin-bottom:15px;\">\n<label class=\"itemname\"><\/label>\n<div style=\"overflow:auto;\">\n<input id=\"3573000\" name=\"cr_subunsubscribe\" type=\"radio\" value=\"true\" checked>Anmelden\n<input id=\"3573000\" name=\"cr_subunsubscribe\" type=\"radio\" value=\"false\">Abmelden\n<\/div>\n<\/div><div id=\"3573004\" rel=\"mce_text\" class=\"cr_ipe_item ui-sortable\">\n    <div class=\"mce_text\"><p>Sollten Sie Probleme mit der Anmeldung haben, wenden Sie sich gerne an info@gruene-bremen.de<br><\/p><\/div>\n    <\/div><div id=\"3869871\" rel=\"checkbox\" class=\"cr_form-component cr_form-component--group cr_form-component--checkbox cr_ipe_item ui-sortable inactive\" style=\"display: none; margin-bottom:0px;\">\n    <span class=\"label cr_form-component--header\">Normaler Newsletter<\/span>\n\n    <div class=\"cr_form-component--group\">\n    \n        <!-- FIXME: Nebeneinander, nicht untereinander -->\n        <span class=\"cr_form-inputgroup cr_form-inputgroup--typecheckbox\">\n            <input id=\"Normaler Newsletter3869871\" class=\"cr_form-checkbox cr_ipe_checkbox\" type=\"checkbox\" name=\"255766[]\" value=\"Normaler Newsletter\" selected checked>\n            <label class=\"no-label\" for=\"Normaler Newsletter3869871\">Normaler Newsletter<\/label>\n        <\/span>&nbsp;\n    \n    <\/div>\n<\/div>\n\n        <\/div>\n        \n\t\n    <\/div>\n\n    \n<\/form><\/body><\/html>\n\n","protected":false},"excerpt":{"rendered":"<p>Jeden Donnerstag erscheint der Gr\u00fcne Newsletter und versorgt alle Interessierten mit Infos rund um die Gr\u00fcnen in Bremen. Seien es aktuelle Termine, Empfehlungen von uns Nahestehenden, Aktuelles aus der B\u00fcrgerschaftsfraktion und aus dem Senat sowie von unseren Abgeordneten aus dem Bundestag und aus dem Europ\u00e4ischen Parlament. Wenn du auch immer auf dem laufenden bleiben m\u00f6chtest:&#8230;<\/p>\n","protected":false},"author":127,"featured_media":0,"parent":71,"menu_order":0,"comment_status":"closed","ping_status":"closed","template":"","meta":{"footnotes":""},"class_list":["post-3568","page","type-page","status-publish","hentry"],"_links":{"self":[{"href":"https:\/\/wordpress44.gcms.verdigado.net\/alteseite\/wp-json\/wp\/v2\/pages\/3568","targetHints":{"allow":["GET"]}}],"collection":[{"href":"https:\/\/wordpress44.gcms.verdigado.net\/alteseite\/wp-json\/wp\/v2\/pages"}],"about":[{"href":"https:\/\/wordpress44.gcms.verdigado.net\/alteseite\/wp-json\/wp\/v2\/types\/page"}],"author":[{"embeddable":true,"href":"https:\/\/wordpress44.gcms.verdigado.net\/alteseite\/wp-json\/wp\/v2\/users\/127"}],"replies":[{"embeddable":true,"href":"https:\/\/wordpress44.gcms.verdigado.net\/alteseite\/wp-json\/wp\/v2\/comments?post=3568"}],"version-history":[{"count":22,"href":"https:\/\/wordpress44.gcms.verdigado.net\/alteseite\/wp-json\/wp\/v2\/pages\/3568\/revisions"}],"predecessor-version":[{"id":11604,"href":"https:\/\/wordpress44.gcms.verdigado.net\/alteseite\/wp-json\/wp\/v2\/pages\/3568\/revisions\/11604"}],"up":[{"embeddable":true,"href":"https:\/\/wordpress44.gcms.verdigado.net\/alteseite\/wp-json\/wp\/v2\/pages\/71"}],"wp:attachment":[{"href":"https:\/\/wordpress44.gcms.verdigado.net\/alteseite\/wp-json\/wp\/v2\/media?parent=3568"}],"curies":[{"name":"wp","href":"https:\/\/api.w.org\/{rel}","templated":true}]}}