{"id":2990,"date":"2020-04-03T10:43:49","date_gmt":"2020-04-03T08:43:49","guid":{"rendered":"https:\/\/gruene-bremen.de\/?page_id=2990"},"modified":"2022-01-20T14:17:42","modified_gmt":"2022-01-20T13:17:42","slug":"telegram-channel","status":"publish","type":"page","link":"https:\/\/wordpress44.gcms.verdigado.net\/alteseite\/partei\/telegram-channel\/","title":{"rendered":"Telegram-Channel"},"content":{"rendered":"<p>Telegram ist eine kostenlose Nachrichten-App mit dem Fokus auf Geschwindigkeit und Sicherheit. Dort sind &#8222;Kan\u00e4le&#8220; eine gute M\u00f6glichkeit, \u00f6ffentliche Mitteilungen an ein gro\u00dfes Publikum zu schicken.<\/p>\n<p>Das Team der Gr\u00fcnen Landesgesch\u00e4ftsstelle m\u00f6chte die GR\u00dcNE Community (Mitglieder und Interessierte) per Telegram-Newsletter \u00fcber aktuelle gr\u00fcne Themen, Aktionen, Kampagnen und Termine informieren. In diesem Kanal halten wir euch auf dem Laufenden &#8211; mit Pressemitteilungen, Ank\u00fcndigungen zu Aktionen, Veranstaltungen oder Webinaren und \u00fcber alles, was sonst so los ist. Wichtig: Auch eure Infos! Das bedeutet, dass Mitteilungen (Presse, Termine, Aktionen, Statements etc.) des Lavos, der Fraktion, der Senatsressorts, der Bundestags- und Europab\u00fcros und relevante Termine der Gliederungen (LAGen, Beir\u00e4te und Stadtteilgruppen) \u00fcber diesen Kanal geschickt werden k\u00f6nnen.<\/p>\n<p><strong>Warum machen wir das?<\/strong><\/p>\n<ul>\n<li>Infos \u00fcber den Telegram-Channel zu verschicken, bedeutet, dass wir tagesaktuell und direkter kommunizieren k\u00f6nnen. Das hei\u00dft, der Kanal erm\u00f6glicht es uns, vor allem aktuelle News, politische Kampagnen und unsere Botschaften einfacher zu verbreiten.<\/li>\n<li>Es gibt Menschen, die nicht in den g\u00e4ngigen sozialen Netzwerken (Facebook, Twitter, Instagram und Co.) unterwegs sind (entweder sind sie aus Datenschutz-Gr\u00fcnden dort nicht angemeldet oder aber sie sind da nicht aktiv). Diese Personengruppe l\u00e4sst sich gegebenenfalls besser \u00fcber den News-Channel erreichen. Zudem sorgen die Algorithmen von Facebook und Co. daf\u00fcr, dass unsere Botschaften\/Veranstaltungen oft nicht bei allen Gr\u00fcn-Aktiven ankommen.<\/li>\n<li>Mit unserem w\u00f6chentlichen Newsletter verschicken wir (zu) viele Informationen auf einmal, die dann m\u00f6glicherweise untergehen. Ein Telegram-Newsletter ist da eine moderne Alternative.<\/li>\n<\/ul>\n<p><strong>Macht mit!<\/strong> Es ist ganz einfach: Diejenigen, die Telegram bereits auf dem Handy\/PC haben, m\u00fcssen einfach <a href=\"https:\/\/t.me\/joinchat\/AAAAAFLa9ijo2luBZ4weCg\">auf diesen Link klicken<\/a>.<\/p>\n<p>Alternativ k\u00f6nnt ihr uns auch eine Mail an <a href=\"ina.schulze@gruene-bremen.de\" target=\"_blank\" rel=\"noopener noreferrer\">ina.schulze(at)gruene-bremen.de<\/a> schreiben, in der ihr uns eure Handynummer mitteilt \u2013 dann nehmen wir euch gern im Kanal auf.<\/p>\n<p>F\u00fcr diejenigen, die Telegram noch nicht installiert haben: Hier bekommt ihr alle Infos: <a href=\"https:\/\/telegram.de\/\" target=\"_blank\" rel=\"noopener\">telegram.de<\/a><\/p>\n<p>Fragt auch gern eure Freund*innen, Verwandte, Bekannte, ob sie den Channel abonnieren m\u00f6chten \u2013 der Kanal ist \u00f6ffentlich. Je mehr Personen dem Channel beitreten, desto gr\u00f6\u00dfer ist unsere Reichweite und umso mehr Menschen k\u00f6nnen wir mit unseren Botschaften erreichen.<\/p>\n<p><strong>Wichtig:<\/strong> Dieser News-Kanal ist kein Chat, in dem wir uns austauschen k\u00f6nnen. Er ist eher als moderner Newsletter zu betrachten und besonders f\u00fcr alle Aktiven in der Partei gedacht.<\/p>\n","protected":false},"excerpt":{"rendered":"<p>Telegram ist eine kostenlose Nachrichten-App mit dem Fokus auf Geschwindigkeit und Sicherheit. Dort sind &#8222;Kan\u00e4le&#8220; eine gute M\u00f6glichkeit, \u00f6ffentliche Mitteilungen an ein gro\u00dfes Publikum zu schicken. Das Team der Gr\u00fcnen Landesgesch\u00e4ftsstelle m\u00f6chte die GR\u00dcNE Community (Mitglieder und Interessierte) per Telegram-Newsletter \u00fcber aktuelle gr\u00fcne Themen, Aktionen, Kampagnen und Termine informieren. In diesem Kanal halten wir euch&#8230;<\/p>\n","protected":false},"author":127,"featured_media":0,"parent":71,"menu_order":2,"comment_status":"closed","ping_status":"closed","template":"","meta":{"footnotes":""},"class_list":["post-2990","page","type-page","status-publish","hentry"],"_links":{"self":[{"href":"https:\/\/wordpress44.gcms.verdigado.net\/alteseite\/wp-json\/wp\/v2\/pages\/2990","targetHints":{"allow":["GET"]}}],"collection":[{"href":"https:\/\/wordpress44.gcms.verdigado.net\/alteseite\/wp-json\/wp\/v2\/pages"}],"about":[{"href":"https:\/\/wordpress44.gcms.verdigado.net\/alteseite\/wp-json\/wp\/v2\/types\/page"}],"author":[{"embeddable":true,"href":"https:\/\/wordpress44.gcms.verdigado.net\/alteseite\/wp-json\/wp\/v2\/users\/127"}],"replies":[{"embeddable":true,"href":"https:\/\/wordpress44.gcms.verdigado.net\/alteseite\/wp-json\/wp\/v2\/comments?post=2990"}],"version-history":[{"count":2,"href":"https:\/\/wordpress44.gcms.verdigado.net\/alteseite\/wp-json\/wp\/v2\/pages\/2990\/revisions"}],"predecessor-version":[{"id":4482,"href":"https:\/\/wordpress44.gcms.verdigado.net\/alteseite\/wp-json\/wp\/v2\/pages\/2990\/revisions\/4482"}],"up":[{"embeddable":true,"href":"https:\/\/wordpress44.gcms.verdigado.net\/alteseite\/wp-json\/wp\/v2\/pages\/71"}],"wp:attachment":[{"href":"https:\/\/wordpress44.gcms.verdigado.net\/alteseite\/wp-json\/wp\/v2\/media?parent=2990"}],"curies":[{"name":"wp","href":"https:\/\/api.w.org\/{rel}","templated":true}]}}